{"id":908,"date":"2024-05-16T12:10:14","date_gmt":"2024-05-16T09:10:14","guid":{"rendered":"https:\/\/flatin.gr\/wordpress\/?page_id=908"},"modified":"2024-05-16T12:25:03","modified_gmt":"2024-05-16T09:25:03","slug":"oroi-xrhshs","status":"publish","type":"page","link":"https:\/\/flat.direct\/de\/oroi-xrhshs\/","title":{"rendered":"Nutzungsbedingungen"},"content":{"rendered":"<div data-elementor-type=\"wp-page\" data-elementor-id=\"908\" class=\"elementor elementor-908\">\n\t\t\t\t<div class=\"elementor-element elementor-element-9ed3491 e-flex e-con-boxed e-con e-parent\" data-id=\"9ed3491\" data-element_type=\"container\" data-settings=\"{&quot;background_background&quot;:&quot;classic&quot;}\">\n\t\t\t\t\t<div class=\"e-con-inner\">\n\t\t\t\t<div class=\"elementor-element elementor-element-b8320e8 elementor-widget__width-initial animated-slow elementor-invisible elementor-widget elementor-widget-heading\" data-id=\"b8320e8\" data-element_type=\"widget\" data-settings=\"{&quot;_animation&quot;:&quot;fadeInUp&quot;,&quot;_animation_delay&quot;:300}\" data-widget_type=\"heading.default\">\n\t\t\t\t<div class=\"elementor-widget-container\">\n\t\t\t<style>\/*! elementor - v3.21.0 - 30-04-2024 *\/\n.elementor-heading-title{padding:0;margin:0;line-height:1}.elementor-widget-heading .elementor-heading-title[class*=elementor-size-]>a{color:inherit;font-size:inherit;line-height:inherit}.elementor-widget-heading .elementor-heading-title.elementor-size-small{font-size:15px}.elementor-widget-heading .elementor-heading-title.elementor-size-medium{font-size:19px}.elementor-widget-heading .elementor-heading-title.elementor-size-large{font-size:29px}.elementor-widget-heading .elementor-heading-title.elementor-size-xl{font-size:39px}.elementor-widget-heading .elementor-heading-title.elementor-size-xxl{font-size:59px}<\/style><h2 class=\"elementor-heading-title elementor-size-default\">Nutzungsbedingungen<\/h2>\t\t<\/div>\n\t\t\t\t<\/div>\n\t\t\t\t<div class=\"elementor-element elementor-element-c11ab76 animated-slow elementor-invisible elementor-widget elementor-widget-image\" data-id=\"c11ab76\" data-element_type=\"widget\" data-settings=\"{&quot;_animation&quot;:&quot;fadeIn&quot;,&quot;_animation_delay&quot;:320}\" data-widget_type=\"image.default\">\n\t\t\t\t<div class=\"elementor-widget-container\">\n\t\t\t<style>\/*! elementor - v3.21.0 - 30-04-2024 *\/\n.elementor-widget-image{text-align:center}.elementor-widget-image a{display:inline-block}.elementor-widget-image a img[src$=\".svg\"]{width:48px}.elementor-widget-image img{vertical-align:middle;display:inline-block}<\/style>\t\t\t\t\t\t\t\t\t\t<img decoding=\"async\" width=\"688\" height=\"23\" src=\"https:\/\/flat.direct\/wp-content\/uploads\/2024\/04\/Layer-2.png\" class=\"attachment-large size-large wp-image-279\" alt=\"Dekorative Formlinie\" srcset=\"https:\/\/flat.direct\/wp-content\/uploads\/2024\/04\/Layer-2.png 688w, https:\/\/flat.direct\/wp-content\/uploads\/2024\/04\/Layer-2-650x23.png 650w\" sizes=\"(max-width: 688px) 100vw, 688px\" \/>\t\t\t\t\t\t\t\t\t\t\t\t\t<\/div>\n\t\t\t\t<\/div>\n\t\t\t\t<div class=\"elementor-element elementor-element-97e6a0d elementor-widget__width-initial animated-slow elementor-invisible elementor-widget elementor-widget-text-editor\" data-id=\"97e6a0d\" data-element_type=\"widget\" data-settings=\"{&quot;_animation&quot;:&quot;fadeIn&quot;,&quot;_animation_delay&quot;:380}\" data-widget_type=\"text-editor.default\">\n\t\t\t\t<div class=\"elementor-widget-container\">\n\t\t\t<style>\/*! elementor - v3.21.0 - 30-04-2024 *\/\n.elementor-widget-text-editor.elementor-drop-cap-view-stacked .elementor-drop-cap{background-color:#69727d;color:#fff}.elementor-widget-text-editor.elementor-drop-cap-view-framed .elementor-drop-cap{color:#69727d;border:3px solid;background-color:transparent}.elementor-widget-text-editor:not(.elementor-drop-cap-view-default) .elementor-drop-cap{margin-top:8px}.elementor-widget-text-editor:not(.elementor-drop-cap-view-default) .elementor-drop-cap-letter{width:1em;height:1em}.elementor-widget-text-editor .elementor-drop-cap{float:left;text-align:center;line-height:1;font-size:50px}.elementor-widget-text-editor .elementor-drop-cap-letter{display:inline-block}<\/style>\t\t\t\t<p>Besucher \/ Kunden, die die Website der FLAT Insurance Group s.a. nutzen oder \u00fcber sie handeln, stimmen den unten aufgef\u00fchrten Bedingungen zu und akzeptieren sie:<br \/>1. Der Inhalt dieser Website ist geistiges Eigentum der FLAT Insurance Group s.a. und die darin enthaltenen Informationen und Materialien k\u00f6nnen von Besuchern \/ Kunden frei verwendet werden. Die kommerzielle Nutzung der Website durch Dritte und in irgendeiner Weise ist untersagt. Es ist auch verboten, den Inhalt dieser Website aus irgendeinem Grund zu reproduzieren, zu kopieren, zu ver\u00f6ffentlichen, neu zu ver\u00f6ffentlichen, zu verteilen, zu verkaufen, einen Teil oder den gesamten Inhalt dieser Website zu vervielf\u00e4ltigen, es sei denn, das Unternehmen stimmt schriftlich zu.<br \/>2. Die auf dieser Website enthaltenen Informationen dienen der allgemeinen Information der Besucher\/Kunden und stellen in keiner Weise einen Vorschlag f\u00fcr die Erstellung eines Versicherungsvertrags dar. Nur die Bedingungen, die in den von den Kunden und dem Unternehmen, mit dem sie vertraglich verbunden sind, unterzeichneten Vertr\u00e4gen enthalten sind, sind verbindlich.<br \/>3. FLAT Insurance Group s.a. sorgt f\u00fcr die Richtigkeit, Vollst\u00e4ndigkeit und Qualit\u00e4t der auf dieser Website enthaltenen Informationen, ist jedoch in keinem Fall f\u00fcr die Richtigkeit dieser Informationen verantwortlich. FLAT Insurance Group s.a. beh\u00e4lt sich das Recht vor, jederzeit und ohne Vorank\u00fcndigung den Inhalt der Website sowie deren Nutzungsbedingungen zu \u00e4ndern. Besucher\/Kunden, die diese Website weiterhin nutzen, akzeptieren alle von der FLAT Insurance Group s.a. vorgenommenen \u00c4nderungen, die nicht an den Inhalt dieser Website gebunden sind, sofern nicht ausdr\u00fccklich etwas anderes bestimmt ist.<br \/>4. Die Besucher der Website m\u00fcssen die Telekommunikationsbestimmungen des griechischen, europ\u00e4ischen und internationalen Rechts einhalten sowie jede illegale Aktivit\u00e4t unterlassen, die direkt oder indirekt die Website der FLAT Insurance Group s.a. betrifft. FLAT Insurance Group s.a. ist nicht verantwortlich f\u00fcr Fehler oder Ungenauigkeiten bei der \u00dcbermittlung von Informationen und \/ oder Bestellungen des Kunden \/ Besuchers, Eingriffe, Nachahmung, falsche Angabe von Daten oder Nichtbetrieb des Systems, aufgrund h\u00f6herer Gewalt oder aus einem anderen Grund, der nicht auf grobe Fahrl\u00e4ssigkeit oder T\u00e4uschung des Unternehmens und \/ oder seiner Mitarbeiter zur\u00fcckzuf\u00fchren ist.<br \/>5. FLAT Insurance Group s.a. hat alle notwendigen Ma\u00dfnahmen ergriffen, um die Sicherheit der Erbringung von Dienstleistungen und die Vertraulichkeit der Informationen \u00fcber Besucher \/ Kunden der Website zu gew\u00e4hrleisten.<br \/>FLAT Insurance Group s.a. ist nicht verantwortlich f\u00fcr die Inhalte, auf die auf ihren Seiten verwiesen wird, es sei denn, es wird nachgewiesen, dass sie von den illegalen Inhalten Kenntnis hatte und dass sie die Besucher der Website daran hindern konnte, die illegalen Seiten zu lesen. F\u00fcr Sch\u00e4den, die durch die Nutzung der auf diesen Seiten dargestellten Informationen entstehen, haftet allein der Autor der jeweiligen Seiten und nicht die FLAT Insurance Group s.a., die online auf diese Seiten verlinkt hat. Dar\u00fcber hinaus ist FLAT Insurance Group s.a. nicht verantwortlich f\u00fcr die Ver\u00f6ffentlichung von Inhalten oder Nachrichten, die von den Nutzern der Websites in den auf ihrer Seite bereitgestellten Besucherb\u00fcchern oder E-Mail-Verzeichnissen ver\u00f6ffentlicht oder ausgetauscht werden.<br \/>Sicherheit\/Vertraulichkeit<br \/>Der Zweck dieser Website ist es, Kunden \/ Besucher \u00fcber die Produkte, Dienstleistungen und Aktivit\u00e4ten des Unternehmens sowie die Kommunikation \u00fcber das Internet zu informieren.<br \/>F\u00fcr den Fall, dass zur Abwicklung einer Transaktion \u00fcber die Website personenbezogene Daten des Kunden erhoben werden m\u00fcssen, gilt Folgendes:<br \/>1. Die FLAT Insurance Group s.a. f\u00fchrt Aufzeichnungen und verarbeitet personenbezogene Daten ihrer Kunden ausschlie\u00dflich zum Zwecke der Abwicklung von Transaktionen, der Bereitstellung hochwertiger Informationsdienste sowie der Erhebung von Statistiken zur Bewertung von Versicherungsrisiken und zur Wahrung der absoluten Vertraulichkeit der von ihr gespeicherten Daten.<br \/>2. Die personenbezogenen Daten des Kunden d\u00fcrfen nicht an Dritte weitergegeben werden, es sei denn, der Kunde wurde zuvor informiert und eingewilligt. Sie ist insbesondere in F\u00e4llen zul\u00e4ssig, in denen dies gesetzlich ausdr\u00fccklich vorgesehen ist und insbesondere in F\u00e4llen der Vollstreckung einer einschl\u00e4gigen gerichtlichen Entscheidung, Ermittlungs- oder Staatsanwaltschaftsanordnung.<br \/>Beschreibung des Online-Shops, juristische Person, Kontaktdaten.<br \/>Der Online-Shop FLAT.DIRECT mit der Internetadresse https:\/\/www.flat.direct ist Eigentum der FLAT Insurance Group s.a. INSURANCE CONSULTANTS S.A. und wird von Frau Gamaletsou Polyxeni, President &amp; Managing Director, rechtlich vertreten. Der Berater mit der unverwechselbaren Bezeichnung \u201eFLAT Insurance Group s.a.\u201c hat seinen Sitz in GRIECHENLAND und hat folgende Anschrift: Postleitzahl 38221, Volos, DIMITRIADOS 158. TIN800614638, Tel. 2421037800, E-Mail ist info[at]flat.direct f\u00fcr Kommunikation &amp; Informationen.<br \/>Transaktionen<br \/>Transaktionen: werden \u00fcber die ALPHABANK mit Kredit-, Debit- und Prepaid-Karten von Visa, Mastercard, Maestro, American Express, Diners durchgef\u00fchrt. Und mit dem Masterpass E-Wallet.<br \/>Widerrufsbelehrung.<br \/>Abschluss und Unterzeichnung mit der Echtheit der Unterzeichnung der K\u00fcndigung des Vertrags (<a href=\"https:\/\/flat.direct\/de\/images\/katagelia.pdf\/\" target=\"_blank\" rel=\"noopener noreferrer\">Beigef\u00fcgt<\/a>) Sie k\u00f6nnen die Versicherung stornieren. Ab dem Datum der Absendung der K\u00fcndigung bis zum Ablaufdatum der Versicherungspolice werden die dem jeweiligen Zeitraum entsprechenden Pr\u00e4mien innerhalb von 3 Werktagen dem Konto des Kunden gutgeschrieben, das er uns zusammen mit der K\u00fcndigung des Vertrages zugesandt hat.<br \/>Sicherheit von Transaktionen.<br \/>Die WWW.FLAT.DIRECT-Website verwendet Zertifikate (Thawte\u00ae &amp; DigiCert Int von Symantec-Partnern) f\u00fcr eine sichere verschl\u00fcsselte SSL-Kommunikation mit EV, wobei der sichtbarste Sicherheitsindikator aktiviert ist: die gr\u00fcne Adressleiste in hochsicheren Browsern, um sicherzustellen, dass die Website sicher ist und die Identit\u00e4t des Unternehmens nach den h\u00f6chsten Standards zertifiziert wurde. So k\u00f6nnen sich Kunden absolut sicher f\u00fchlen, denn die vertraulichen Informationen, die beim Kauf \u00fcber Bankkarten ausgetauscht werden, sind durch eine sichere Verbindung mit SSL-Verschl\u00fcsselung bis zu 256 Bit gesch\u00fctzt.<br \/>Alle Zahlungen, die mit einer Karte get\u00e4tigt werden, werden \u00fcber die elektronische Zahlungsplattform \u201eAlpha e-Commerce\u201c der Alpha Bank abgewickelt und verwenden die TLS 1.2-Verschl\u00fcsselung mit einem 128-Bit-Verschl\u00fcsselungsprotokoll (Secure Sockets Layer \u2013 SSL). Verschl\u00fcsselung ist eine M\u00f6glichkeit, Informationen zu kodieren, bis sie ihren beabsichtigten Empf\u00e4nger erreichen, der sie mit dem entsprechenden Schl\u00fcssel entschl\u00fcsseln kann.<\/p>\t\t\t\t\t\t<\/div>\n\t\t\t\t<\/div>\n\t\t\t\t\t<\/div>\n\t\t\t\t<\/div>\n\t\t\t\t<\/div>","protected":false},"excerpt":{"rendered":"<p>Nutzungsbedingungen Besucher \/ Kunden, die die Website der FLAT Insurance Group s.a. nutzen oder \u00fcber sie handeln, stimmen zu und [...]<\/p>","protected":false},"author":2,"featured_media":0,"parent":0,"menu_order":0,"comment_status":"closed","ping_status":"closed","template":"","meta":{"site-sidebar-layout":"no-sidebar","site-content-layout":"","ast-site-content-layout":"full-width-container","site-content-style":"default","site-sidebar-style":"default","ast-global-header-display":"","ast-banner-title-visibility":"","ast-main-header-display":"","ast-hfb-above-header-display":"","ast-hfb-below-header-display":"","ast-hfb-mobile-header-display":"","site-post-title":"disabled","ast-breadcrumbs-content":"","ast-featured-img":"disabled","footer-sml-layout":"","theme-transparent-header-meta":"","adv-header-id-meta":"","stick-header-meta":"","header-above-stick-meta":"","header-main-stick-meta":"","header-below-stick-meta":"","astra-migrate-meta-layouts":"default","ast-page-background-enabled":"default","ast-page-background-meta":{"desktop":{"background-color":"var(--ast-global-color-4)","background-image":"","background-repeat":"repeat","background-position":"center center","background-size":"auto","background-attachment":"scroll","background-type":"","background-media":"","overlay-type":"","overlay-color":"","overlay-gradient":""},"tablet":{"background-color":"","background-image":"","background-repeat":"repeat","background-position":"center center","background-size":"auto","background-attachment":"scroll","background-type":"","background-media":"","overlay-type":"","overlay-color":"","overlay-gradient":""},"mobile":{"background-color":"","background-image":"","background-repeat":"repeat","background-position":"center center","background-size":"auto","background-attachment":"scroll","background-type":"","background-media":"","overlay-type":"","overlay-color":"","overlay-gradient":""}},"ast-content-background-meta":{"desktop":{"background-color":"var(--ast-global-color-5)","background-image":"","background-repeat":"repeat","background-position":"center center","background-size":"auto","background-attachment":"scroll","background-type":"","background-media":"","overlay-type":"","overlay-color":"","overlay-gradient":""},"tablet":{"background-color":"var(--ast-global-color-5)","background-image":"","background-repeat":"repeat","background-position":"center center","background-size":"auto","background-attachment":"scroll","background-type":"","background-media":"","overlay-type":"","overlay-color":"","overlay-gradient":""},"mobile":{"background-color":"var(--ast-global-color-5)","background-image":"","background-repeat":"repeat","background-position":"center center","background-size":"auto","background-attachment":"scroll","background-type":"","background-media":"","overlay-type":"","overlay-color":"","overlay-gradient":""}},"footnotes":""},"class_list":["post-908","page","type-page","status-publish","hentry"],"aioseo_notices":[],"_links":{"self":[{"href":"https:\/\/flat.direct\/de\/wp-json\/wp\/v2\/pages\/908","targetHints":{"allow":["GET"]}}],"collection":[{"href":"https:\/\/flat.direct\/de\/wp-json\/wp\/v2\/pages"}],"about":[{"href":"https:\/\/flat.direct\/de\/wp-json\/wp\/v2\/types\/page"}],"author":[{"embeddable":true,"href":"https:\/\/flat.direct\/de\/wp-json\/wp\/v2\/users\/2"}],"replies":[{"embeddable":true,"href":"https:\/\/flat.direct\/de\/wp-json\/wp\/v2\/comments?post=908"}],"version-history":[{"count":7,"href":"https:\/\/flat.direct\/de\/wp-json\/wp\/v2\/pages\/908\/revisions"}],"predecessor-version":[{"id":993,"href":"https:\/\/flat.direct\/de\/wp-json\/wp\/v2\/pages\/908\/revisions\/993"}],"wp:attachment":[{"href":"https:\/\/flat.direct\/de\/wp-json\/wp\/v2\/media?parent=908"}],"curies":[{"name":"wp","href":"https:\/\/api.w.org\/{rel}","templated":true}]}}