{"id":268,"date":"2024-04-30T13:48:20","date_gmt":"2024-04-30T10:48:20","guid":{"rendered":"https:\/\/flatin.gr\/wordpress\/?page_id=268"},"modified":"2026-01-16T13:17:02","modified_gmt":"2026-01-16T11:17:02","slug":"1st-class","status":"publish","type":"page","link":"https:\/\/flat.direct\/de\/1st-class\/","title":{"rendered":"1. KLASSE"},"content":{"rendered":"<div data-elementor-type=\"wp-page\" data-elementor-id=\"268\" class=\"elementor elementor-268\">\n\t\t\t\t<div class=\"elementor-element elementor-element-1d3e834 e-con-full e-flex e-con e-parent\" data-id=\"1d3e834\" data-element_type=\"container\" data-settings=\"{&quot;background_background&quot;:&quot;classic&quot;}\">\n\t\t<div class=\"elementor-element elementor-element-aa045ed e-flex e-con-boxed e-con e-child\" data-id=\"aa045ed\" data-element_type=\"container\" data-settings=\"{&quot;background_background&quot;:&quot;classic&quot;}\">\n\t\t\t\t\t<div class=\"e-con-inner\">\n\t\t<div class=\"elementor-element elementor-element-9bd7cd9 animated-slow e-flex e-con-boxed elementor-invisible e-con e-child\" data-id=\"9bd7cd9\" data-element_type=\"container\" data-settings=\"{&quot;background_background&quot;:&quot;classic&quot;,&quot;animation&quot;:&quot;fadeIn&quot;,&quot;animation_delay&quot;:400}\">\n\t\t\t\t\t<div class=\"e-con-inner\">\n\t\t\t\t\t<\/div>\n\t\t\t\t<\/div>\n\t\t<div class=\"elementor-element elementor-element-44497aa e-flex e-con-boxed e-con e-child\" data-id=\"44497aa\" data-element_type=\"container\" data-settings=\"{&quot;background_background&quot;:&quot;classic&quot;}\">\n\t\t\t\t\t<div class=\"e-con-inner\">\n\t\t\t\t<div class=\"elementor-element elementor-element-7039e0b elementor-widget__width-initial animated-slow elementor-invisible elementor-widget elementor-widget-heading\" data-id=\"7039e0b\" data-element_type=\"widget\" data-settings=\"{&quot;_animation&quot;:&quot;zoomIn&quot;,&quot;_animation_delay&quot;:250}\" data-widget_type=\"heading.default\">\n\t\t\t\t<div class=\"elementor-widget-container\">\n\t\t\t<style>\/*! elementor - v3.21.0 - 30-04-2024 *\/\n.elementor-heading-title{padding:0;margin:0;line-height:1}.elementor-widget-heading .elementor-heading-title[class*=elementor-size-]>a{color:inherit;font-size:inherit;line-height:inherit}.elementor-widget-heading .elementor-heading-title.elementor-size-small{font-size:15px}.elementor-widget-heading .elementor-heading-title.elementor-size-medium{font-size:19px}.elementor-widget-heading .elementor-heading-title.elementor-size-large{font-size:29px}.elementor-widget-heading .elementor-heading-title.elementor-size-xl{font-size:39px}.elementor-widget-heading .elementor-heading-title.elementor-size-xxl{font-size:59px}<\/style><h4 class=\"elementor-heading-title elementor-size-default\">Versicherung &amp; amp; Investition<\/h4>\t\t<\/div>\n\t\t\t\t<\/div>\n\t\t\t\t<div class=\"elementor-element elementor-element-f49ce74 elementor-widget__width-initial elementor-widget elementor-widget-heading\" data-id=\"f49ce74\" data-element_type=\"widget\" data-widget_type=\"heading.default\">\n\t\t\t\t<div class=\"elementor-widget-container\">\n\t\t\t<h4 class=\"elementor-heading-title elementor-size-default\">personalisierte Versicherungs- und Anlagedienstleistungen<\/h4>\t\t<\/div>\n\t\t\t\t<\/div>\n\t\t\t\t\t<\/div>\n\t\t\t\t<\/div>\n\t\t\t\t\t<\/div>\n\t\t\t\t<\/div>\n\t\t\t\t<\/div>\n\t\t<div class=\"elementor-element elementor-element-a436f9c e-flex e-con-boxed e-con e-parent\" data-id=\"a436f9c\" data-element_type=\"container\" data-settings=\"{&quot;background_background&quot;:&quot;classic&quot;}\">\n\t\t\t\t\t<div class=\"e-con-inner\">\n\t\t<div class=\"elementor-element elementor-element-b99a6f4 e-flex e-con-boxed e-con e-child\" data-id=\"b99a6f4\" data-element_type=\"container\">\n\t\t\t\t\t<div class=\"e-con-inner\">\n\t\t\t\t<div class=\"elementor-element elementor-element-e7d4314 elementor-widget-mobile__width-initial elementor-widget elementor-widget-image\" data-id=\"e7d4314\" data-element_type=\"widget\" data-widget_type=\"image.default\">\n\t\t\t\t<div class=\"elementor-widget-container\">\n\t\t\t<style>\/*! elementor - v3.21.0 - 30-04-2024 *\/\n.elementor-widget-image{text-align:center}.elementor-widget-image a{display:inline-block}.elementor-widget-image a img[src$=\".svg\"]{width:48px}.elementor-widget-image img{vertical-align:middle;display:inline-block}<\/style>\t\t\t\t\t\t\t\t\t\t<img decoding=\"async\" width=\"146\" height=\"146\" src=\"https:\/\/flat.direct\/wp-content\/uploads\/2024\/04\/Asset-2-12.png\" class=\"attachment-large size-large wp-image-277\" alt=\"Dekorative Formen\" \/>\t\t\t\t\t\t\t\t\t\t\t\t\t<\/div>\n\t\t\t\t<\/div>\n\t\t<div class=\"elementor-element elementor-element-e9f8fd7 e-con-full e-flex e-con e-child\" data-id=\"e9f8fd7\" data-element_type=\"container\">\n\t\t\t\t<div class=\"elementor-element elementor-element-43d0eff animated-slow elementor-invisible elementor-widget elementor-widget-heading\" data-id=\"43d0eff\" data-element_type=\"widget\" data-settings=\"{&quot;_animation&quot;:&quot;fadeInUp&quot;,&quot;_animation_delay&quot;:300}\" data-widget_type=\"heading.default\">\n\t\t\t\t<div class=\"elementor-widget-container\">\n\t\t\t<h2 class=\"elementor-heading-title elementor-size-default\">das Unternehmen<\/h2>\t\t<\/div>\n\t\t\t\t<\/div>\n\t\t\t\t<div class=\"elementor-element elementor-element-ce71153 animated-slow elementor-invisible elementor-widget elementor-widget-image\" data-id=\"ce71153\" data-element_type=\"widget\" data-settings=\"{&quot;_animation&quot;:&quot;fadeIn&quot;,&quot;_animation_delay&quot;:350}\" data-widget_type=\"image.default\">\n\t\t\t\t<div class=\"elementor-widget-container\">\n\t\t\t\t\t\t\t\t\t\t\t\t\t<img decoding=\"async\" width=\"688\" height=\"23\" src=\"https:\/\/flat.direct\/wp-content\/uploads\/2024\/04\/Asset-3-1.png\" class=\"attachment-large size-large wp-image-278\" alt=\"Dekorative Formlinie\" srcset=\"https:\/\/flat.direct\/wp-content\/uploads\/2024\/04\/Asset-3-1.png 688w, https:\/\/flat.direct\/wp-content\/uploads\/2024\/04\/Asset-3-1-650x23.png 650w\" sizes=\"(max-width: 688px) 100vw, 688px\" \/>\t\t\t\t\t\t\t\t\t\t\t\t\t<\/div>\n\t\t\t\t<\/div>\n\t\t\t\t<div class=\"elementor-element elementor-element-7c90000 animated-slow elementor-invisible elementor-widget elementor-widget-text-editor\" data-id=\"7c90000\" data-element_type=\"widget\" data-settings=\"{&quot;_animation&quot;:&quot;fadeIn&quot;,&quot;_animation_delay&quot;:380}\" data-widget_type=\"text-editor.default\">\n\t\t\t\t<div class=\"elementor-widget-container\">\n\t\t\t<style>\/*! elementor - v3.21.0 - 30-04-2024 *\/\n.elementor-widget-text-editor.elementor-drop-cap-view-stacked .elementor-drop-cap{background-color:#69727d;color:#fff}.elementor-widget-text-editor.elementor-drop-cap-view-framed .elementor-drop-cap{color:#69727d;border:3px solid;background-color:transparent}.elementor-widget-text-editor:not(.elementor-drop-cap-view-default) .elementor-drop-cap{margin-top:8px}.elementor-widget-text-editor:not(.elementor-drop-cap-view-default) .elementor-drop-cap-letter{width:1em;height:1em}.elementor-widget-text-editor .elementor-drop-cap{float:left;text-align:center;line-height:1;font-size:50px}.elementor-widget-text-editor .elementor-drop-cap-letter{display:inline-block}<\/style>\t\t\t\t<p>\u00a0Das Konzept der First Class entstand aus dem Kern von FLAT Insurance Group Insurance Consultants S.A., einem der \u00e4ltesten und gr\u00f6\u00dften Versicherungsberatungsunternehmen mit 56 Jahren ununterbrochenem und ununterbrochenem Betrieb.<\/p><p>Vassilis Diamantopoulos, Gr\u00fcnder von First Class und Versicherungsvermittler der dritten Generation, und Konstantinos Mamoukas, Mitbegr\u00fcnder von First Class, beide Aktion\u00e4re der Flat Insurance Group, sahen den Bedarf an einem Unternehmen, das Einzelpersonen und Unternehmen mit erh\u00f6htem und komplexem Versicherungs- und Versicherungsinvestitionsbedarf anspricht. Durch die enge Zusammenarbeit mit ihnen und den Einsatz modernster Praktiken weltweit verf\u00fcgt First Class \u00fcber das Know-how und die Erfahrung, um die Beratung in jedem Versicherungs- und Investitionsschritt durchzuf\u00fchren.<\/p>\t\t\t\t\t\t<\/div>\n\t\t\t\t<\/div>\n\t\t\t\t<\/div>\n\t\t\t\t<div class=\"elementor-element elementor-element-5566d8f elementor-widget-mobile__width-initial elementor-widget elementor-widget-image\" data-id=\"5566d8f\" data-element_type=\"widget\" data-widget_type=\"image.default\">\n\t\t\t\t<div class=\"elementor-widget-container\">\n\t\t\t\t\t\t\t\t\t\t\t\t\t<img decoding=\"async\" width=\"146\" height=\"146\" src=\"https:\/\/flat.direct\/wp-content\/uploads\/2024\/04\/Asset-2-10.png\" class=\"attachment-large size-large wp-image-275\" alt=\"Dekorative Formen\" \/>\t\t\t\t\t\t\t\t\t\t\t\t\t<\/div>\n\t\t\t\t<\/div>\n\t\t\t\t\t<\/div>\n\t\t\t\t<\/div>\n\t\t<div class=\"elementor-element elementor-element-9b4f773 e-flex e-con-boxed e-con e-child\" data-id=\"9b4f773\" data-element_type=\"container\" data-settings=\"{&quot;background_background&quot;:&quot;classic&quot;}\">\n\t\t\t\t\t<div class=\"e-con-inner\">\n\t\t\t\t\t<\/div>\n\t\t\t\t<\/div>\n\t\t\t\t\t<\/div>\n\t\t\t\t<\/div>\n\t\t<div class=\"elementor-element elementor-element-b0f8dbf e-flex e-con-boxed e-con e-parent\" data-id=\"b0f8dbf\" data-element_type=\"container\" data-settings=\"{&quot;background_background&quot;:&quot;classic&quot;}\">\n\t\t\t\t\t<div class=\"e-con-inner\">\n\t\t<div class=\"elementor-element elementor-element-6dc7db5 e-flex e-con-boxed e-con e-child\" data-id=\"6dc7db5\" data-element_type=\"container\">\n\t\t\t\t\t<div class=\"e-con-inner\">\n\t\t\t\t<div class=\"elementor-element elementor-element-bcf2da3 elementor-widget-mobile__width-initial elementor-widget elementor-widget-image\" data-id=\"bcf2da3\" data-element_type=\"widget\" data-widget_type=\"image.default\">\n\t\t\t\t<div class=\"elementor-widget-container\">\n\t\t\t\t\t\t\t\t\t\t\t\t\t<img decoding=\"async\" width=\"146\" height=\"146\" src=\"https:\/\/flat.direct\/wp-content\/uploads\/2024\/04\/Asset-2-12.png\" class=\"attachment-large size-large wp-image-277\" alt=\"Dekorative Formen\" \/>\t\t\t\t\t\t\t\t\t\t\t\t\t<\/div>\n\t\t\t\t<\/div>\n\t\t<div class=\"elementor-element elementor-element-fb159f7 e-con-full e-flex e-con e-child\" data-id=\"fb159f7\" data-element_type=\"container\">\n\t\t\t\t<div class=\"elementor-element elementor-element-599e2e6 animated-slow elementor-invisible elementor-widget elementor-widget-heading\" data-id=\"599e2e6\" data-element_type=\"widget\" data-settings=\"{&quot;_animation&quot;:&quot;fadeInUp&quot;,&quot;_animation_delay&quot;:300}\" data-widget_type=\"heading.default\">\n\t\t\t\t<div class=\"elementor-widget-container\">\n\t\t\t<h2 class=\"elementor-heading-title elementor-size-default\">Premium-Dienstleistungen<\/h2>\t\t<\/div>\n\t\t\t\t<\/div>\n\t\t\t\t<div class=\"elementor-element elementor-element-d701c0a animated-slow elementor-invisible elementor-widget elementor-widget-image\" data-id=\"d701c0a\" data-element_type=\"widget\" data-settings=\"{&quot;_animation&quot;:&quot;fadeIn&quot;,&quot;_animation_delay&quot;:350}\" data-widget_type=\"image.default\">\n\t\t\t\t<div class=\"elementor-widget-container\">\n\t\t\t\t\t\t\t\t\t\t\t\t\t<img loading=\"lazy\" decoding=\"async\" width=\"688\" height=\"23\" src=\"https:\/\/flat.direct\/wp-content\/uploads\/2024\/04\/Layer-2.png\" class=\"attachment-large size-large wp-image-279\" alt=\"Dekorative Formlinie\" srcset=\"https:\/\/flat.direct\/wp-content\/uploads\/2024\/04\/Layer-2.png 688w, https:\/\/flat.direct\/wp-content\/uploads\/2024\/04\/Layer-2-650x23.png 650w\" sizes=\"(max-width: 688px) 100vw, 688px\" \/>\t\t\t\t\t\t\t\t\t\t\t\t\t<\/div>\n\t\t\t\t<\/div>\n\t\t\t\t<div class=\"elementor-element elementor-element-77210e4 elementor-widget__width-initial animated-slow elementor-invisible elementor-widget elementor-widget-text-editor\" data-id=\"77210e4\" data-element_type=\"widget\" data-settings=\"{&quot;_animation&quot;:&quot;fadeIn&quot;,&quot;_animation_delay&quot;:380}\" data-widget_type=\"text-editor.default\">\n\t\t\t\t<div class=\"elementor-widget-container\">\n\t\t\t\t\t\t\t<p>\u00a0Das langfristige Vertrauen unserer Kunden best\u00e4tigt die hohe Qualit\u00e4t der von uns angebotenen Versicherungsdienstleistungen und Dienstleistungen.<\/p><p><strong>WIR SIND IHR EXKLUSIVE VERSICHERUNG &amp; INVESTITIONSSPECIALIST<br \/><\/strong>Ihr Navigator in der gesamten Palette von Versicherungs- und Anlagedienstleistungen, mit Fachwissen, zeitnahe &amp; valide Informationen, wir begleiten Sie bei der Antizipation &amp; Deckung Ihrer Versicherungsbed\u00fcrfnisse sowie bei der Umsetzung Ihrer Anlageziele. Dies wird durch die N\u00e4he erreicht, die wir mit Global entwickelt haben. <strong>F\u00fchrungskr\u00e4fte<\/strong> die Versicherungs- &amp; amp; Investitionsfl\u00e4che.<\/p>\t\t\t\t\t\t<\/div>\n\t\t\t\t<\/div>\n\t\t\t\t<\/div>\n\t\t\t\t<div class=\"elementor-element elementor-element-6d8f99d elementor-widget-mobile__width-initial elementor-widget elementor-widget-image\" data-id=\"6d8f99d\" data-element_type=\"widget\" data-widget_type=\"image.default\">\n\t\t\t\t<div class=\"elementor-widget-container\">\n\t\t\t\t\t\t\t\t\t\t\t\t\t<img decoding=\"async\" width=\"146\" height=\"146\" src=\"https:\/\/flat.direct\/wp-content\/uploads\/2024\/04\/Asset-2-10.png\" class=\"attachment-large size-large wp-image-275\" alt=\"Dekorative Formen\" \/>\t\t\t\t\t\t\t\t\t\t\t\t\t<\/div>\n\t\t\t\t<\/div>\n\t\t\t\t\t<\/div>\n\t\t\t\t<\/div>\n\t\t<div class=\"elementor-element elementor-element-b044702 e-flex e-con-boxed e-con e-child\" data-id=\"b044702\" data-element_type=\"container\" data-settings=\"{&quot;background_background&quot;:&quot;classic&quot;}\">\n\t\t\t\t\t<div class=\"e-con-inner\">\n\t\t\t\t\t<\/div>\n\t\t\t\t<\/div>\n\t\t\t\t\t<\/div>\n\t\t\t\t<\/div>\n\t\t<div class=\"elementor-element elementor-element-00ee8ac e-flex e-con-boxed e-con e-parent\" data-id=\"00ee8ac\" data-element_type=\"container\" data-settings=\"{&quot;background_background&quot;:&quot;classic&quot;}\">\n\t\t\t\t\t<div class=\"e-con-inner\">\n\t\t<div class=\"elementor-element elementor-element-ec1c31d e-flex e-con-boxed e-con e-child\" data-id=\"ec1c31d\" data-element_type=\"container\">\n\t\t\t\t\t<div class=\"e-con-inner\">\n\t\t\t\t<div class=\"elementor-element elementor-element-72dbf30 elementor-widget-mobile__width-initial elementor-widget elementor-widget-image\" data-id=\"72dbf30\" data-element_type=\"widget\" data-widget_type=\"image.default\">\n\t\t\t\t<div class=\"elementor-widget-container\">\n\t\t\t\t\t\t\t\t\t\t\t\t\t<img decoding=\"async\" width=\"146\" height=\"146\" src=\"https:\/\/flat.direct\/wp-content\/uploads\/2024\/04\/Asset-2-12.png\" class=\"attachment-large size-large wp-image-277\" alt=\"Dekorative Formen\" \/>\t\t\t\t\t\t\t\t\t\t\t\t\t<\/div>\n\t\t\t\t<\/div>\n\t\t<div class=\"elementor-element elementor-element-853ac14 e-con-full e-flex e-con e-child\" data-id=\"853ac14\" data-element_type=\"container\">\n\t\t\t\t<div class=\"elementor-element elementor-element-9774bab animated-slow elementor-invisible elementor-widget elementor-widget-heading\" data-id=\"9774bab\" data-element_type=\"widget\" data-settings=\"{&quot;_animation&quot;:&quot;fadeInUp&quot;,&quot;_animation_delay&quot;:300}\" data-widget_type=\"heading.default\">\n\t\t\t\t<div class=\"elementor-widget-container\">\n\t\t\t<h2 class=\"elementor-heading-title elementor-size-default\">Ma\u00dfgeschneiderte L\u00f6sungen<\/h2>\t\t<\/div>\n\t\t\t\t<\/div>\n\t\t\t\t<div class=\"elementor-element elementor-element-b58705e animated-slow elementor-invisible elementor-widget elementor-widget-image\" data-id=\"b58705e\" data-element_type=\"widget\" data-settings=\"{&quot;_animation&quot;:&quot;fadeIn&quot;,&quot;_animation_delay&quot;:350}\" data-widget_type=\"image.default\">\n\t\t\t\t<div class=\"elementor-widget-container\">\n\t\t\t\t\t\t\t\t\t\t\t\t\t<img decoding=\"async\" width=\"688\" height=\"23\" src=\"https:\/\/flat.direct\/wp-content\/uploads\/2024\/04\/Asset-3-1.png\" class=\"attachment-large size-large wp-image-278\" alt=\"Dekorative Formlinie\" srcset=\"https:\/\/flat.direct\/wp-content\/uploads\/2024\/04\/Asset-3-1.png 688w, https:\/\/flat.direct\/wp-content\/uploads\/2024\/04\/Asset-3-1-650x23.png 650w\" sizes=\"(max-width: 688px) 100vw, 688px\" \/>\t\t\t\t\t\t\t\t\t\t\t\t\t<\/div>\n\t\t\t\t<\/div>\n\t\t\t\t<div class=\"elementor-element elementor-element-b1ab81c elementor-widget elementor-widget-text-editor\" data-id=\"b1ab81c\" data-element_type=\"widget\" data-widget_type=\"text-editor.default\">\n\t\t\t\t<div class=\"elementor-widget-container\">\n\t\t\t\t\t\t\t<h5>Wir bieten ma\u00dfgeschneiderte L\u00f6sungen, die zu Ihrem Profil passen<\/h5>\t\t\t\t\t\t<\/div>\n\t\t\t\t<\/div>\n\t\t\t\t<div class=\"elementor-element elementor-element-4a1f134 animated-slow elementor-invisible elementor-widget elementor-widget-text-editor\" data-id=\"4a1f134\" data-element_type=\"widget\" data-settings=\"{&quot;_animation&quot;:&quot;fadeIn&quot;,&quot;_animation_delay&quot;:380}\" data-widget_type=\"text-editor.default\">\n\t\t\t\t<div class=\"elementor-widget-container\">\n\t\t\t\t\t\t\t<p>Das Prinzip der First Class ist, dass jeder Mensch, der uns vertraut, einzigartig ist. First Class ist bestrebt, das f\u00fchrende Kundenerlebnis im Versicherungs- und Investitionsbereich zu bieten.<\/p><p>Gr\u00fcndliche Analyse Ihrer Versicherungsbed\u00fcrfnisse, indem Sie die Versicherungsrisiken identifizieren, die jeden von Ihnen individuell betreffen.<\/p><p>Gr\u00fcndliche Analyse Ihres Anlageprofils und des Risikoniveaus, das Sie eingehen m\u00f6chten. Wir haben Optionen f\u00fcr jede Art von Investor, vom unerfahrensten und konservativsten bis zum erfahrenen und aggressiven Investor.<\/p>\t\t\t\t\t\t<\/div>\n\t\t\t\t<\/div>\n\t\t\t\t<\/div>\n\t\t\t\t<div class=\"elementor-element elementor-element-2c47c56 elementor-widget-mobile__width-initial elementor-widget elementor-widget-image\" data-id=\"2c47c56\" data-element_type=\"widget\" data-widget_type=\"image.default\">\n\t\t\t\t<div class=\"elementor-widget-container\">\n\t\t\t\t\t\t\t\t\t\t\t\t\t<img decoding=\"async\" width=\"146\" height=\"146\" src=\"https:\/\/flat.direct\/wp-content\/uploads\/2024\/04\/Asset-2-10.png\" class=\"attachment-large size-large wp-image-275\" alt=\"Dekorative Formen\" \/>\t\t\t\t\t\t\t\t\t\t\t\t\t<\/div>\n\t\t\t\t<\/div>\n\t\t\t\t\t<\/div>\n\t\t\t\t<\/div>\n\t\t<div class=\"elementor-element elementor-element-8a691b9 e-flex e-con-boxed e-con e-child\" data-id=\"8a691b9\" data-element_type=\"container\" data-settings=\"{&quot;background_background&quot;:&quot;classic&quot;}\">\n\t\t\t\t\t<div class=\"e-con-inner\">\n\t\t\t\t\t<\/div>\n\t\t\t\t<\/div>\n\t\t\t\t\t<\/div>\n\t\t\t\t<\/div>\n\t\t<div class=\"elementor-element elementor-element-62c3c33 e-flex e-con-boxed e-con e-parent\" data-id=\"62c3c33\" data-element_type=\"container\" data-settings=\"{&quot;background_background&quot;:&quot;classic&quot;}\">\n\t\t\t\t\t<div class=\"e-con-inner\">\n\t\t<div class=\"elementor-element elementor-element-8ce730f e-flex e-con-boxed e-con e-child\" data-id=\"8ce730f\" data-element_type=\"container\">\n\t\t\t\t\t<div class=\"e-con-inner\">\n\t\t\t\t<div class=\"elementor-element elementor-element-77b5042 elementor-widget-mobile__width-initial elementor-widget elementor-widget-image\" data-id=\"77b5042\" data-element_type=\"widget\" data-widget_type=\"image.default\">\n\t\t\t\t<div class=\"elementor-widget-container\">\n\t\t\t\t\t\t\t\t\t\t\t\t\t<img decoding=\"async\" width=\"146\" height=\"146\" src=\"https:\/\/flat.direct\/wp-content\/uploads\/2024\/04\/Asset-2-12.png\" class=\"attachment-large size-large wp-image-277\" alt=\"Dekorative Formen\" \/>\t\t\t\t\t\t\t\t\t\t\t\t\t<\/div>\n\t\t\t\t<\/div>\n\t\t<div class=\"elementor-element elementor-element-806ecba e-con-full e-flex e-con e-child\" data-id=\"806ecba\" data-element_type=\"container\">\n\t\t\t\t<div class=\"elementor-element elementor-element-f5045ee animated-slow elementor-invisible elementor-widget elementor-widget-heading\" data-id=\"f5045ee\" data-element_type=\"widget\" data-settings=\"{&quot;_animation&quot;:&quot;fadeInUp&quot;,&quot;_animation_delay&quot;:300}\" data-widget_type=\"heading.default\">\n\t\t\t\t<div class=\"elementor-widget-container\">\n\t\t\t<h2 class=\"elementor-heading-title elementor-size-default\">zertifizierte Kenntnisse<\/h2>\t\t<\/div>\n\t\t\t\t<\/div>\n\t\t\t\t<div class=\"elementor-element elementor-element-4a05132 animated-slow elementor-invisible elementor-widget elementor-widget-image\" data-id=\"4a05132\" data-element_type=\"widget\" data-settings=\"{&quot;_animation&quot;:&quot;fadeIn&quot;,&quot;_animation_delay&quot;:350}\" data-widget_type=\"image.default\">\n\t\t\t\t<div class=\"elementor-widget-container\">\n\t\t\t\t\t\t\t\t\t\t\t\t\t<img loading=\"lazy\" decoding=\"async\" width=\"688\" height=\"23\" src=\"https:\/\/flat.direct\/wp-content\/uploads\/2024\/04\/Layer-2.png\" class=\"attachment-large size-large wp-image-279\" alt=\"Dekorative Formlinie\" srcset=\"https:\/\/flat.direct\/wp-content\/uploads\/2024\/04\/Layer-2.png 688w, https:\/\/flat.direct\/wp-content\/uploads\/2024\/04\/Layer-2-650x23.png 650w\" sizes=\"(max-width: 688px) 100vw, 688px\" \/>\t\t\t\t\t\t\t\t\t\t\t\t\t<\/div>\n\t\t\t\t<\/div>\n\t\t\t\t<div class=\"elementor-element elementor-element-e6b7e08 elementor-widget__width-initial animated-slow elementor-invisible elementor-widget elementor-widget-text-editor\" data-id=\"e6b7e08\" data-element_type=\"widget\" data-settings=\"{&quot;_animation&quot;:&quot;fadeIn&quot;,&quot;_animation_delay&quot;:380}\" data-widget_type=\"text-editor.default\">\n\t\t\t\t<div class=\"elementor-widget-container\">\n\t\t\t\t\t\t\t<p>Vasilis Diamantopoulos absolvierte die Abteilung f\u00fcr \u00f6ffentliche Verwaltung der Panteion-Universit\u00e4t Athen und Konstantinos Mamoukas die Abteilung f\u00fcr Elektrotechnik und Computertechnik der Polytechnischen Schule der Universit\u00e4t Thessalien. Wir haben langj\u00e4hrige Erfahrung in der Versicherung &amp; amp; Investment-Dienstleistungen &amp; amp; Zertifizierung durch die offizielle Zertifizierungsstelle f\u00fcr Versicherungswissen (Bank of Greece). Systematische Teilnahme an spezialisierten Schulungen und offiziellen Rezertifizierungen von ERGO und anderen Organisationen in Griechenland und im Ausland.<\/p>\t\t\t\t\t\t<\/div>\n\t\t\t\t<\/div>\n\t\t\t\t<\/div>\n\t\t\t\t<div class=\"elementor-element elementor-element-470a26a elementor-widget-mobile__width-initial elementor-widget elementor-widget-image\" data-id=\"470a26a\" data-element_type=\"widget\" data-widget_type=\"image.default\">\n\t\t\t\t<div class=\"elementor-widget-container\">\n\t\t\t\t\t\t\t\t\t\t\t\t\t<img decoding=\"async\" width=\"146\" height=\"146\" src=\"https:\/\/flat.direct\/wp-content\/uploads\/2024\/04\/Asset-2-10.png\" class=\"attachment-large size-large wp-image-275\" alt=\"Dekorative Formen\" \/>\t\t\t\t\t\t\t\t\t\t\t\t\t<\/div>\n\t\t\t\t<\/div>\n\t\t\t\t\t<\/div>\n\t\t\t\t<\/div>\n\t\t<div class=\"elementor-element elementor-element-98b0420 e-flex e-con-boxed e-con e-child\" data-id=\"98b0420\" data-element_type=\"container\" data-settings=\"{&quot;background_background&quot;:&quot;classic&quot;}\">\n\t\t\t\t\t<div class=\"e-con-inner\">\n\t\t\t\t\t<\/div>\n\t\t\t\t<\/div>\n\t\t\t\t\t<\/div>\n\t\t\t\t<\/div>\n\t\t\t\t<\/div>","protected":false},"excerpt":{"rendered":"<p>Versicherung &amp; amp; Investment personalisierte Versicherung &amp; amp; Investment-Dienstleistungen das Unternehmen Die Idee der First Class wurde aus dem Kern des Unternehmens geboren.<\/p>","protected":false},"author":2,"featured_media":0,"parent":0,"menu_order":0,"comment_status":"closed","ping_status":"closed","template":"","meta":{"site-sidebar-layout":"no-sidebar","site-content-layout":"","ast-site-content-layout":"full-width-container","site-content-style":"default","site-sidebar-style":"default","ast-global-header-display":"","ast-banner-title-visibility":"","ast-main-header-display":"","ast-hfb-above-header-display":"","ast-hfb-below-header-display":"","ast-hfb-mobile-header-display":"","site-post-title":"disabled","ast-breadcrumbs-content":"","ast-featured-img":"disabled","footer-sml-layout":"","theme-transparent-header-meta":"","adv-header-id-meta":"","stick-header-meta":"","header-above-stick-meta":"","header-main-stick-meta":"","header-below-stick-meta":"","astra-migrate-meta-layouts":"default","ast-page-background-enabled":"default","ast-page-background-meta":{"desktop":{"background-color":"var(--ast-global-color-4)","background-image":"","background-repeat":"repeat","background-position":"center center","background-size":"auto","background-attachment":"scroll","background-type":"","background-media":"","overlay-type":"","overlay-color":"","overlay-gradient":""},"tablet":{"background-color":"","background-image":"","background-repeat":"repeat","background-position":"center center","background-size":"auto","background-attachment":"scroll","background-type":"","background-media":"","overlay-type":"","overlay-color":"","overlay-gradient":""},"mobile":{"background-color":"","background-image":"","background-repeat":"repeat","background-position":"center center","background-size":"auto","background-attachment":"scroll","background-type":"","background-media":"","overlay-type":"","overlay-color":"","overlay-gradient":""}},"ast-content-background-meta":{"desktop":{"background-color":"var(--ast-global-color-5)","background-image":"","background-repeat":"repeat","background-position":"center center","background-size":"auto","background-attachment":"scroll","background-type":"","background-media":"","overlay-type":"","overlay-color":"","overlay-gradient":""},"tablet":{"background-color":"var(--ast-global-color-5)","background-image":"","background-repeat":"repeat","background-position":"center center","background-size":"auto","background-attachment":"scroll","background-type":"","background-media":"","overlay-type":"","overlay-color":"","overlay-gradient":""},"mobile":{"background-color":"var(--ast-global-color-5)","background-image":"","background-repeat":"repeat","background-position":"center center","background-size":"auto","background-attachment":"scroll","background-type":"","background-media":"","overlay-type":"","overlay-color":"","overlay-gradient":""}},"footnotes":""},"class_list":["post-268","page","type-page","status-publish","hentry"],"aioseo_notices":[],"_links":{"self":[{"href":"https:\/\/flat.direct\/de\/wp-json\/wp\/v2\/pages\/268","targetHints":{"allow":["GET"]}}],"collection":[{"href":"https:\/\/flat.direct\/de\/wp-json\/wp\/v2\/pages"}],"about":[{"href":"https:\/\/flat.direct\/de\/wp-json\/wp\/v2\/types\/page"}],"author":[{"embeddable":true,"href":"https:\/\/flat.direct\/de\/wp-json\/wp\/v2\/users\/2"}],"replies":[{"embeddable":true,"href":"https:\/\/flat.direct\/de\/wp-json\/wp\/v2\/comments?post=268"}],"version-history":[{"count":82,"href":"https:\/\/flat.direct\/de\/wp-json\/wp\/v2\/pages\/268\/revisions"}],"predecessor-version":[{"id":1929,"href":"https:\/\/flat.direct\/de\/wp-json\/wp\/v2\/pages\/268\/revisions\/1929"}],"wp:attachment":[{"href":"https:\/\/flat.direct\/de\/wp-json\/wp\/v2\/media?parent=268"}],"curies":[{"name":"wp","href":"https:\/\/api.w.org\/{rel}","templated":true}]}}