{"id":1955,"date":"2026-03-26T16:19:46","date_gmt":"2026-03-26T14:19:46","guid":{"rendered":"https:\/\/flat.direct\/?page_id=1955"},"modified":"2026-03-26T16:19:46","modified_gmt":"2026-03-26T14:19:46","slug":"asfalisi-enypothikis-katoikias","status":"publish","type":"page","link":"https:\/\/flat.direct\/de\/asfalisi-enypothikis-katoikias\/","title":{"rendered":"Hypotheken-Wohnungsversicherung"},"content":{"rendered":"<div data-elementor-type=\"wp-page\" data-elementor-id=\"1955\" class=\"elementor elementor-1955\">\n\t\t\t\t<div class=\"elementor-element elementor-element-876d4a2 e-flex e-con-boxed e-con e-parent\" data-id=\"876d4a2\" data-element_type=\"container\" data-settings=\"{&quot;background_background&quot;:&quot;classic&quot;}\">\n\t\t\t\t\t<div class=\"e-con-inner\">\n\t\t\t\t<div class=\"elementor-element elementor-element-a6d7d19 elementor-widget elementor-widget-image\" data-id=\"a6d7d19\" data-element_type=\"widget\" data-widget_type=\"image.default\">\n\t\t\t\t<div class=\"elementor-widget-container\">\n\t\t\t<style>\/*! elementor - v3.21.0 - 30-04-2024 *\/\n.elementor-widget-image{text-align:center}.elementor-widget-image a{display:inline-block}.elementor-widget-image a img[src$=\".svg\"]{width:48px}.elementor-widget-image img{vertical-align:middle;display:inline-block}<\/style>\t\t\t\t\t\t\t\t\t\t<img fetchpriority=\"high\" decoding=\"async\" width=\"1517\" height=\"188\" src=\"https:\/\/flat.direct\/wp-content\/uploads\/2026\/02\/FLAT_KATOIKIA_Banner_TAXYDROMOS_728x90px_page-0001.jpg\" class=\"attachment-full size-full wp-image-1941\" alt=\"\" srcset=\"https:\/\/flat.direct\/wp-content\/uploads\/2026\/02\/FLAT_KATOIKIA_Banner_TAXYDROMOS_728x90px_page-0001.jpg 1517w, https:\/\/flat.direct\/wp-content\/uploads\/2026\/02\/FLAT_KATOIKIA_Banner_TAXYDROMOS_728x90px_page-0001-768x95.jpg 768w, https:\/\/flat.direct\/wp-content\/uploads\/2026\/02\/FLAT_KATOIKIA_Banner_TAXYDROMOS_728x90px_page-0001-18x2.jpg 18w\" sizes=\"(max-width: 1517px) 100vw, 1517px\" \/>\t\t\t\t\t\t\t\t\t\t\t\t\t<\/div>\n\t\t\t\t<\/div>\n\t\t\t\t<div class=\"elementor-element elementor-element-e21d93d elementor-widget elementor-widget-heading\" data-id=\"e21d93d\" data-element_type=\"widget\" data-widget_type=\"heading.default\">\n\t\t\t\t<div class=\"elementor-widget-container\">\n\t\t\t<style>\/*! elementor - v3.21.0 - 30-04-2024 *\/\n.elementor-heading-title{padding:0;margin:0;line-height:1}.elementor-widget-heading .elementor-heading-title[class*=elementor-size-]>a{color:inherit;font-size:inherit;line-height:inherit}.elementor-widget-heading .elementor-heading-title.elementor-size-small{font-size:15px}.elementor-widget-heading .elementor-heading-title.elementor-size-medium{font-size:19px}.elementor-widget-heading .elementor-heading-title.elementor-size-large{font-size:29px}.elementor-widget-heading .elementor-heading-title.elementor-size-xl{font-size:39px}.elementor-widget-heading .elementor-heading-title.elementor-size-xxl{font-size:59px}<\/style><h1 class=\"elementor-heading-title elementor-size-default\">Was ist mit der Hypothekenversicherung?<\/h1>\t\t<\/div>\n\t\t\t\t<\/div>\n\t\t\t\t<div class=\"elementor-element elementor-element-944d0fc elementor-widget elementor-widget-text-editor\" data-id=\"944d0fc\" data-element_type=\"widget\" data-widget_type=\"text-editor.default\">\n\t\t\t\t<div class=\"elementor-widget-container\">\n\t\t\t<style>\/*! elementor - v3.21.0 - 30-04-2024 *\/\n.elementor-widget-text-editor.elementor-drop-cap-view-stacked .elementor-drop-cap{background-color:#69727d;color:#fff}.elementor-widget-text-editor.elementor-drop-cap-view-framed .elementor-drop-cap{color:#69727d;border:3px solid;background-color:transparent}.elementor-widget-text-editor:not(.elementor-drop-cap-view-default) .elementor-drop-cap{margin-top:8px}.elementor-widget-text-editor:not(.elementor-drop-cap-view-default) .elementor-drop-cap-letter{width:1em;height:1em}.elementor-widget-text-editor .elementor-drop-cap{float:left;text-align:center;line-height:1;font-size:50px}.elementor-widget-text-editor .elementor-drop-cap-letter{display:inline-block}<\/style>\t\t\t\t<p>Wenn eine Immobilie durch ein Wohnungsbaudarlehen finanziert wurde, ist ihre Versicherung eine vertragliche Verpflichtung des Kreditnehmers. Tats\u00e4chlich sehen sich viele Kreditnehmer verpflichtet, ihr verpf\u00e4ndetes Eigentum bei derselben Bank zu versichern, von der sie das Darlehen erhalten haben.<\/p><p>Das stimmt nicht.<\/p><p>Gem\u00e4\u00df Rundschreiben 462 der Bank von Griechenland hat der Kreditnehmer die absolute Freiheit, eine Versicherungsgesellschaft zu w\u00e4hlen, solange die Versicherungspolice die im Darlehensvertrag vorgesehenen Mindestanforderungen abdeckt.<\/p><p>Einfach ausgedr\u00fcckt:<\/p><ul><li>Sie k\u00f6nnen jede Versicherungsgesellschaft w\u00e4hlen, die Sie wollen.<\/li><li>Die Bank kann Ihnen keinen bestimmten Versicherer auferlegen.<\/li><li>Alles, was erforderlich ist, ist, dass der Vertrag die Kreditdeckungsanforderungen erf\u00fcllt.<\/li><\/ul><p>Dar\u00fcber hinaus ist die von der Bank angebotene Hypothekenversicherung h\u00e4ufig auf das Kapital des Darlehens beschr\u00e4nkt, so dass bei Teilkrediten das Risiko einer Teilversicherung besteht, d. h. das versicherte Kapital ist geringer als der tats\u00e4chliche versicherbare Wert (oder Rekonstruktionswert).<\/p><p>Im Schadensfall gilt dann die Proportionalit\u00e4tsregel, d. h. die Entsch\u00e4digung wird proportional gek\u00fcrzt. Der Grundsatz der Verh\u00e4ltnism\u00e4\u00dfigkeit ist im Gesetz 2496\/1997 verankert.<\/p><p>Zum Beispiel, wenn Sie ein Haus im Wert von 120 Tausend Euro mit einem Kredit von der Bank kaufen, in H\u00f6he von 60 Tausend Euro. Im Falle einer Erdbebenkatastrophe wird die Entsch\u00e4digung nur an die Bank gerichtet und deckt nur den Wert des Darlehens ab. In diesem Fall erhalten Sie keine Entsch\u00e4digung f\u00fcr den von Ihnen gezahlten Betrag.<\/p>\t\t\t\t\t\t<\/div>\n\t\t\t\t<\/div>\n\t\t\t\t<div class=\"elementor-element elementor-element-83ae398 elementor-widget elementor-widget-heading\" data-id=\"83ae398\" data-element_type=\"widget\" data-widget_type=\"heading.default\">\n\t\t\t\t<div class=\"elementor-widget-container\">\n\t\t\t<h2 class=\"elementor-heading-title elementor-size-default\">Warum w\u00e4hlen Sie FLAT Insurance Group?<\/h2>\t\t<\/div>\n\t\t\t\t<\/div>\n\t\t\t\t<div class=\"elementor-element elementor-element-7f54783 elementor-widget elementor-widget-text-editor\" data-id=\"7f54783\" data-element_type=\"widget\" data-widget_type=\"text-editor.default\">\n\t\t\t\t<div class=\"elementor-widget-container\">\n\t\t\t\t\t\t\t<p>Mit 56 Jahren ununterbrochener und exklusiver Beteiligung an Versicherungen verf\u00fcgt die FLAT Insurance Group \u00fcber spezialisierte Erfahrung in der Hypothekenversicherung.<\/p><p>Unsere langj\u00e4hrige T\u00e4tigkeit hat uns zur Verf\u00fcgung gestellt mit:<\/p><ul><li>Spezialisierte Kenntnisse von Bankforderungen<\/li><li>Erfahrung in der richtigen Abdeckungskonfiguration<\/li><li>F\u00e4higkeit, den Wiederaufarbeitungswert genau zu bestimmen<\/li><li>Direkte Beratung in jeder Phase \u2013 von der Ausstellung bis zur Erstattung<\/li><\/ul><p>Unsere Mission ist es, nicht nur einen Vertrag auszustellen, sondern eine Versicherungsstudie zu formulieren, die:<\/p><ul><li>Erf\u00fcllt vollst\u00e4ndig die Anforderungen des Darlehens<\/li><li>Es sch\u00fctzt im Wesentlichen Ihr Eigentum.<\/li><li>Gew\u00e4hrleistet bei Bedarf eine angemessene und schnelle Entsch\u00e4digung<\/li><\/ul>\t\t\t\t\t\t<\/div>\n\t\t\t\t<\/div>\n\t\t\t\t<div class=\"elementor-element elementor-element-0f86f2c elementor-widget elementor-widget-heading\" data-id=\"0f86f2c\" data-element_type=\"widget\" data-widget_type=\"heading.default\">\n\t\t\t\t<div class=\"elementor-widget-container\">\n\t\t\t<h2 class=\"elementor-heading-title elementor-size-default\">Was profitieren Sie von der Wahl der FLAT Insurance Group?<\/h2>\t\t<\/div>\n\t\t\t\t<\/div>\n\t\t\t\t<div class=\"elementor-element elementor-element-e24905f elementor-widget elementor-widget-text-editor\" data-id=\"e24905f\" data-element_type=\"widget\" data-widget_type=\"text-editor.default\">\n\t\t\t\t<div class=\"elementor-widget-container\">\n\t\t\t\t\t\t\t<ul><li>Objektiver Vergleich der Optionen<\/li><li>Kostendeckungsoptimierung<\/li><li>Fachspezifische technische Leitlinien<\/li><li>Unterst\u00fctzung im Schadensfall<\/li><li>-15% der Kfz-Versicherung<\/li><li>Leitfaden f\u00fcr die Anwendung -20% der ENFIA<\/li><\/ul><p>Die Wahl der Versicherungsgesellschaft ist Ihr Recht.<br \/>Die richtige Wahl macht jedoch einen Unterschied.<\/p>\t\t\t\t\t\t<\/div>\n\t\t\t\t<\/div>\n\t\t\t\t\t<\/div>\n\t\t\t\t<\/div>\n\t\t\t\t<\/div>","protected":false},"excerpt":{"rendered":"<p>Was ist mit der Hypothekenversicherung? Wenn eine Immobilie durch ein Wohnungsbaudarlehen finanziert wurde, ist ihre Versicherung vertraglich [\u2026]<\/p>","protected":false},"author":1,"featured_media":0,"parent":0,"menu_order":0,"comment_status":"closed","ping_status":"closed","template":"","meta":{"site-sidebar-layout":"no-sidebar","site-content-layout":"","ast-site-content-layout":"full-width-container","site-content-style":"default","site-sidebar-style":"default","ast-global-header-display":"","ast-banner-title-visibility":"","ast-main-header-display":"","ast-hfb-above-header-display":"","ast-hfb-below-header-display":"","ast-hfb-mobile-header-display":"","site-post-title":"disabled","ast-breadcrumbs-content":"","ast-featured-img":"disabled","footer-sml-layout":"","theme-transparent-header-meta":"","adv-header-id-meta":"","stick-header-meta":"","header-above-stick-meta":"","header-main-stick-meta":"","header-below-stick-meta":"","astra-migrate-meta-layouts":"default","ast-page-background-enabled":"default","ast-page-background-meta":{"desktop":{"background-color":"var(--ast-global-color-4)","background-image":"","background-repeat":"repeat","background-position":"center center","background-size":"auto","background-attachment":"scroll","background-type":"","background-media":"","overlay-type":"","overlay-color":"","overlay-gradient":""},"tablet":{"background-color":"","background-image":"","background-repeat":"repeat","background-position":"center center","background-size":"auto","background-attachment":"scroll","background-type":"","background-media":"","overlay-type":"","overlay-color":"","overlay-gradient":""},"mobile":{"background-color":"","background-image":"","background-repeat":"repeat","background-position":"center center","background-size":"auto","background-attachment":"scroll","background-type":"","background-media":"","overlay-type":"","overlay-color":"","overlay-gradient":""}},"ast-content-background-meta":{"desktop":{"background-color":"var(--ast-global-color-5)","background-image":"","background-repeat":"repeat","background-position":"center center","background-size":"auto","background-attachment":"scroll","background-type":"","background-media":"","overlay-type":"","overlay-color":"","overlay-gradient":""},"tablet":{"background-color":"var(--ast-global-color-5)","background-image":"","background-repeat":"repeat","background-position":"center center","background-size":"auto","background-attachment":"scroll","background-type":"","background-media":"","overlay-type":"","overlay-color":"","overlay-gradient":""},"mobile":{"background-color":"var(--ast-global-color-5)","background-image":"","background-repeat":"repeat","background-position":"center center","background-size":"auto","background-attachment":"scroll","background-type":"","background-media":"","overlay-type":"","overlay-color":"","overlay-gradient":""}},"footnotes":""},"class_list":["post-1955","page","type-page","status-publish","hentry"],"aioseo_notices":[],"_links":{"self":[{"href":"https:\/\/flat.direct\/de\/wp-json\/wp\/v2\/pages\/1955","targetHints":{"allow":["GET"]}}],"collection":[{"href":"https:\/\/flat.direct\/de\/wp-json\/wp\/v2\/pages"}],"about":[{"href":"https:\/\/flat.direct\/de\/wp-json\/wp\/v2\/types\/page"}],"author":[{"embeddable":true,"href":"https:\/\/flat.direct\/de\/wp-json\/wp\/v2\/users\/1"}],"replies":[{"embeddable":true,"href":"https:\/\/flat.direct\/de\/wp-json\/wp\/v2\/comments?post=1955"}],"version-history":[{"count":1,"href":"https:\/\/flat.direct\/de\/wp-json\/wp\/v2\/pages\/1955\/revisions"}],"predecessor-version":[{"id":1986,"href":"https:\/\/flat.direct\/de\/wp-json\/wp\/v2\/pages\/1955\/revisions\/1986"}],"wp:attachment":[{"href":"https:\/\/flat.direct\/de\/wp-json\/wp\/v2\/media?parent=1955"}],"curies":[{"name":"wp","href":"https:\/\/api.w.org\/{rel}","templated":true}]}}