{"id":1939,"date":"2026-02-25T16:01:37","date_gmt":"2026-02-25T14:01:37","guid":{"rendered":"https:\/\/flat.direct\/?page_id=1939"},"modified":"2026-03-19T15:27:25","modified_gmt":"2026-03-19T13:27:25","slug":"astiki-eythini-iatrou","status":"publish","type":"page","link":"https:\/\/flat.direct\/de\/astiki-eythini-iatrou\/","title":{"rendered":"Zivilrechtliche Haftung des Arztes"},"content":{"rendered":"<div data-elementor-type=\"wp-page\" data-elementor-id=\"1939\" class=\"elementor elementor-1939\">\n\t\t\t\t<div class=\"elementor-element elementor-element-876d4a2 e-flex e-con-boxed e-con e-parent\" data-id=\"876d4a2\" data-element_type=\"container\" data-settings=\"{&quot;background_background&quot;:&quot;classic&quot;}\">\n\t\t\t\t\t<div class=\"e-con-inner\">\n\t\t\t\t<div class=\"elementor-element elementor-element-9a0eccd elementor-widget elementor-widget-image\" data-id=\"9a0eccd\" data-element_type=\"widget\" data-widget_type=\"image.default\">\n\t\t\t\t<div class=\"elementor-widget-container\">\n\t\t\t<style>\/*! elementor - v3.21.0 - 30-04-2024 *\/\n.elementor-widget-image{text-align:center}.elementor-widget-image a{display:inline-block}.elementor-widget-image a img[src$=\".svg\"]{width:48px}.elementor-widget-image img{vertical-align:middle;display:inline-block}<\/style>\t\t\t\t\t\t\t\t\t\t<img fetchpriority=\"high\" decoding=\"async\" width=\"1080\" height=\"1410\" src=\"https:\/\/flat.direct\/wp-content\/uploads\/2026\/03\/FLAT_\u0391\u03c3\u03c4\u03b9\u03ba\u03ae-\u0395\u03c5\u03b8\u03cd\u03bd\u03b7-\u0399\u03b1\u03c4\u03c1\u03bf\u03cd_FACEBOOK_1080x1350px.jpg\" class=\"attachment-large size-large wp-image-1957\" alt=\"\" srcset=\"https:\/\/flat.direct\/wp-content\/uploads\/2026\/03\/FLAT_\u0391\u03c3\u03c4\u03b9\u03ba\u03ae-\u0395\u03c5\u03b8\u03cd\u03bd\u03b7-\u0399\u03b1\u03c4\u03c1\u03bf\u03cd_FACEBOOK_1080x1350px.jpg 1080w, https:\/\/flat.direct\/wp-content\/uploads\/2026\/03\/FLAT_\u0391\u03c3\u03c4\u03b9\u03ba\u03ae-\u0395\u03c5\u03b8\u03cd\u03bd\u03b7-\u0399\u03b1\u03c4\u03c1\u03bf\u03cd_FACEBOOK_1080x1350px-768x1003.jpg 768w, https:\/\/flat.direct\/wp-content\/uploads\/2026\/03\/FLAT_\u0391\u03c3\u03c4\u03b9\u03ba\u03ae-\u0395\u03c5\u03b8\u03cd\u03bd\u03b7-\u0399\u03b1\u03c4\u03c1\u03bf\u03cd_FACEBOOK_1080x1350px-9x12.jpg 9w\" sizes=\"(max-width: 1080px) 100vw, 1080px\" \/>\t\t\t\t\t\t\t\t\t\t\t\t\t<\/div>\n\t\t\t\t<\/div>\n\t\t\t\t<div class=\"elementor-element elementor-element-e21d93d elementor-widget elementor-widget-heading\" data-id=\"e21d93d\" data-element_type=\"widget\" data-widget_type=\"heading.default\">\n\t\t\t\t<div class=\"elementor-widget-container\">\n\t\t\t<style>\/*! elementor - v3.21.0 - 30-04-2024 *\/\n.elementor-heading-title{padding:0;margin:0;line-height:1}.elementor-widget-heading .elementor-heading-title[class*=elementor-size-]>a{color:inherit;font-size:inherit;line-height:inherit}.elementor-widget-heading .elementor-heading-title.elementor-size-small{font-size:15px}.elementor-widget-heading .elementor-heading-title.elementor-size-medium{font-size:19px}.elementor-widget-heading .elementor-heading-title.elementor-size-large{font-size:29px}.elementor-widget-heading .elementor-heading-title.elementor-size-xl{font-size:39px}.elementor-widget-heading .elementor-heading-title.elementor-size-xxl{font-size:59px}<\/style><h1 class=\"elementor-heading-title elementor-size-default\">Zivilrechtliche Haftung des Arztes<\/h1>\t\t<\/div>\n\t\t\t\t<\/div>\n\t\t\t\t<div class=\"elementor-element elementor-element-1f2b03d elementor-widget elementor-widget-heading\" data-id=\"1f2b03d\" data-element_type=\"widget\" data-widget_type=\"heading.default\">\n\t\t\t\t<div class=\"elementor-widget-container\">\n\t\t\t<h2 class=\"elementor-heading-title elementor-size-default\">Zuverl\u00e4ssige Abdeckung zum richtigen Preis<\/h2>\t\t<\/div>\n\t\t\t\t<\/div>\n\t\t\t\t<div class=\"elementor-element elementor-element-7f54783 elementor-widget elementor-widget-text-editor\" data-id=\"7f54783\" data-element_type=\"widget\" data-widget_type=\"text-editor.default\">\n\t\t\t\t<div class=\"elementor-widget-container\">\n\t\t\t<style>\/*! elementor - v3.21.0 - 30-04-2024 *\/\n.elementor-widget-text-editor.elementor-drop-cap-view-stacked .elementor-drop-cap{background-color:#69727d;color:#fff}.elementor-widget-text-editor.elementor-drop-cap-view-framed .elementor-drop-cap{color:#69727d;border:3px solid;background-color:transparent}.elementor-widget-text-editor:not(.elementor-drop-cap-view-default) .elementor-drop-cap{margin-top:8px}.elementor-widget-text-editor:not(.elementor-drop-cap-view-default) .elementor-drop-cap-letter{width:1em;height:1em}.elementor-widget-text-editor .elementor-drop-cap{float:left;text-align:center;line-height:1;font-size:50px}.elementor-widget-text-editor .elementor-drop-cap-letter{display:inline-block}<\/style>\t\t\t\t<p>In der modernen medizinischen Praxis ist die Verantwortung nicht auf den Moment der Handlung beschr\u00e4nkt.<br \/>Ein Anspruch kann zu einem sp\u00e4teren Zeitpunkt entstehen, was erhebliche finanzielle und rechtliche Konsequenzen nach sich zieht.<\/p><p>Aus diesem Grund erfordert die Haftpflichtversicherung des Arztes eine angemessene Planung und Deckung.<\/p>\t\t\t\t\t\t<\/div>\n\t\t\t\t<\/div>\n\t\t\t\t<div class=\"elementor-element elementor-element-0f86f2c elementor-widget elementor-widget-heading\" data-id=\"0f86f2c\" data-element_type=\"widget\" data-widget_type=\"heading.default\">\n\t\t\t\t<div class=\"elementor-widget-container\">\n\t\t\t<h2 class=\"elementor-heading-title elementor-size-default\">Zeitkontinuit\u00e4t im Schutz<\/h2>\t\t<\/div>\n\t\t\t\t<\/div>\n\t\t\t\t<div class=\"elementor-element elementor-element-e24905f elementor-widget elementor-widget-text-editor\" data-id=\"e24905f\" data-element_type=\"widget\" data-widget_type=\"text-editor.default\">\n\t\t\t\t<div class=\"elementor-widget-container\">\n\t\t\t\t\t\t\t<ul><li>Eine umfassende Versicherungsl\u00f6sung muss Anspr\u00fcche abdecken, die bis einschlie\u00dflich <strong>5 Jahre nach der medizinischen Handlung oder Unterlassung<\/strong>, um sicherzustellen, dass der Berufsangeh\u00f6rige im Laufe der Zeit gesch\u00fctzt bleibt.<\/li><\/ul>\t\t\t\t\t\t<\/div>\n\t\t\t\t<\/div>\n\t\t\t\t<div class=\"elementor-element elementor-element-ab20c1a elementor-widget elementor-widget-heading\" data-id=\"ab20c1a\" data-element_type=\"widget\" data-widget_type=\"heading.default\">\n\t\t\t\t<div class=\"elementor-widget-container\">\n\t\t\t<h2 class=\"elementor-heading-title elementor-size-default\">Qualit\u00e4t der Dienstleistung mit konkurrenzf\u00e4higem Preis<\/h2>\t\t<\/div>\n\t\t\t\t<\/div>\n\t\t\t\t<div class=\"elementor-element elementor-element-ab46149 elementor-widget elementor-widget-text-editor\" data-id=\"ab46149\" data-element_type=\"widget\" data-widget_type=\"text-editor.default\">\n\t\t\t\t<div class=\"elementor-widget-container\">\n\t\t\t\t\t\t\t<p>FLAT Insurance &amp; Investment Group, mit mehr als 55 Jahren Erfahrung, bietet spezialisierte Programme, die kombinieren:<\/p><ul><li>Umfangreiche und vollst\u00e4ndige Abdeckung<\/li><li>Bestpreisgarantie<\/li><li>Zusammenarbeit mit namhaften Versicherungsunternehmen<\/li><li>Verantwortungsvoller und personalisierter Service\u00a0<\/li><\/ul>\t\t\t\t\t\t<\/div>\n\t\t\t\t<\/div>\n\t\t\t\t<div class=\"elementor-element elementor-element-eb73b81 elementor-widget elementor-widget-heading\" data-id=\"eb73b81\" data-element_type=\"widget\" data-widget_type=\"heading.default\">\n\t\t\t\t<div class=\"elementor-widget-container\">\n\t\t\t<h2 class=\"elementor-heading-title elementor-size-default\">Professionalit\u00e4t, die einen Unterschied macht<\/h2>\t\t<\/div>\n\t\t\t\t<\/div>\n\t\t\t\t<div class=\"elementor-element elementor-element-989b36a elementor-widget elementor-widget-text-editor\" data-id=\"989b36a\" data-element_type=\"widget\" data-widget_type=\"text-editor.default\">\n\t\t\t\t<div class=\"elementor-widget-container\">\n\t\t\t\t\t\t\t<p>Die richtige Versicherung ist keine Frage der Produktauswahl, sondern eine Frage der richtigen Anleitung.<br \/>Bei FLAT Insurance &amp; Investment Group entwickeln wir L\u00f6sungen, die den tats\u00e4chlichen Bed\u00fcrfnissen der \u00c4rzteschaft gerecht werden, konsequent und zuverl\u00e4ssig.<\/p>\t\t\t\t\t\t<\/div>\n\t\t\t\t<\/div>\n\t\t\t\t\t<\/div>\n\t\t\t\t<\/div>\n\t\t\t\t<\/div>","protected":false},"excerpt":{"rendered":"<p>Zuverl\u00e4ssige Deckung zum richtigen Preis In der modernen medizinischen Praxis ist die Haftung nicht auf den Zeitpunkt der Handlung beschr\u00e4nkt.One [\u2026]<\/p>","protected":false},"author":1,"featured_media":0,"parent":0,"menu_order":0,"comment_status":"closed","ping_status":"closed","template":"","meta":{"site-sidebar-layout":"no-sidebar","site-content-layout":"","ast-site-content-layout":"full-width-container","site-content-style":"default","site-sidebar-style":"default","ast-global-header-display":"","ast-banner-title-visibility":"","ast-main-header-display":"","ast-hfb-above-header-display":"","ast-hfb-below-header-display":"","ast-hfb-mobile-header-display":"","site-post-title":"disabled","ast-breadcrumbs-content":"","ast-featured-img":"disabled","footer-sml-layout":"","theme-transparent-header-meta":"","adv-header-id-meta":"","stick-header-meta":"","header-above-stick-meta":"","header-main-stick-meta":"","header-below-stick-meta":"","astra-migrate-meta-layouts":"default","ast-page-background-enabled":"default","ast-page-background-meta":{"desktop":{"background-color":"var(--ast-global-color-4)","background-image":"","background-repeat":"repeat","background-position":"center center","background-size":"auto","background-attachment":"scroll","background-type":"","background-media":"","overlay-type":"","overlay-color":"","overlay-gradient":""},"tablet":{"background-color":"","background-image":"","background-repeat":"repeat","background-position":"center center","background-size":"auto","background-attachment":"scroll","background-type":"","background-media":"","overlay-type":"","overlay-color":"","overlay-gradient":""},"mobile":{"background-color":"","background-image":"","background-repeat":"repeat","background-position":"center center","background-size":"auto","background-attachment":"scroll","background-type":"","background-media":"","overlay-type":"","overlay-color":"","overlay-gradient":""}},"ast-content-background-meta":{"desktop":{"background-color":"var(--ast-global-color-5)","background-image":"","background-repeat":"repeat","background-position":"center center","background-size":"auto","background-attachment":"scroll","background-type":"","background-media":"","overlay-type":"","overlay-color":"","overlay-gradient":""},"tablet":{"background-color":"var(--ast-global-color-5)","background-image":"","background-repeat":"repeat","background-position":"center center","background-size":"auto","background-attachment":"scroll","background-type":"","background-media":"","overlay-type":"","overlay-color":"","overlay-gradient":""},"mobile":{"background-color":"var(--ast-global-color-5)","background-image":"","background-repeat":"repeat","background-position":"center center","background-size":"auto","background-attachment":"scroll","background-type":"","background-media":"","overlay-type":"","overlay-color":"","overlay-gradient":""}},"footnotes":""},"class_list":["post-1939","page","type-page","status-publish","hentry"],"aioseo_notices":[],"_links":{"self":[{"href":"https:\/\/flat.direct\/de\/wp-json\/wp\/v2\/pages\/1939","targetHints":{"allow":["GET"]}}],"collection":[{"href":"https:\/\/flat.direct\/de\/wp-json\/wp\/v2\/pages"}],"about":[{"href":"https:\/\/flat.direct\/de\/wp-json\/wp\/v2\/types\/page"}],"author":[{"embeddable":true,"href":"https:\/\/flat.direct\/de\/wp-json\/wp\/v2\/users\/1"}],"replies":[{"embeddable":true,"href":"https:\/\/flat.direct\/de\/wp-json\/wp\/v2\/comments?post=1939"}],"version-history":[{"count":29,"href":"https:\/\/flat.direct\/de\/wp-json\/wp\/v2\/pages\/1939\/revisions"}],"predecessor-version":[{"id":1984,"href":"https:\/\/flat.direct\/de\/wp-json\/wp\/v2\/pages\/1939\/revisions\/1984"}],"wp:attachment":[{"href":"https:\/\/flat.direct\/de\/wp-json\/wp\/v2\/media?parent=1939"}],"curies":[{"name":"wp","href":"https:\/\/api.w.org\/{rel}","templated":true}]}}